{"id":502,"date":"2021-03-17T19:18:18","date_gmt":"2021-03-17T18:18:18","guid":{"rendered":"https:\/\/www.pandenus.it\/?page_id=502"},"modified":"2022-01-20T12:43:08","modified_gmt":"2022-01-20T11:43:08","slug":"smart-vending","status":"publish","type":"page","link":"https:\/\/www.pandenus.it\/it\/smart-vending\/","title":{"rendered":"Smart Vending"},"content":{"rendered":"<section class=\"company__collectivity \">\n\n            <div class=\"row no-padding-mobile\">\n\n                <div class=\"columns small-12 medium-6 col-1\">\n                    <div class=\"ct-text\">\n                        <h2 class=\"title\">Green Goodness Fridge<\/h2>\n                        <div class=\"text-big\"><p>\u00c8 un distributore automatico di bont\u00e0 allo stato puro. Si tratta di vere e proprie \u201cfrigo machine\u201d che ogni azienda pu\u00f2 installare velocemente all\u2019interno di un\u2019area designata.<br \/>\nI prodotti all\u2018interno sono semplici da consumare ovunque e in ogni momento. Le confezioni sono realizzate in materiali sostenibili e rispettano l\u2018ambiente. <\/p>\n<\/div>\n                    <\/div>\n                <\/div>\n\n                <div class=\"columns small-12 medium-6 col-2 no-padding-mobile\">\n                    <img decoding=\"async\" src=\"https:\/\/www.pandenus.it\/wp-content\/uploads\/2021\/06\/2021-06-06-Pandenus-Website-Images-143.jpg\" alt=\"Print\" \/>\n                <\/div>\n\n            <\/div>\n\n        <\/section><section class=\"company__slider \">\n\n            <div class=\"row\">\n                <div class=\"columns small-12 medium-10 medium-offset-1\">\n                    <h2 class=\"title align-center\">Il nostro circolo virtuoso<\/h2>\n                    <div class=\"text-big align-center\"><p>Pandenus si fa garante del processo dall\u2019inizio alla fine.<\/p>\n<\/div>\n                <\/div>\n            <\/div>\n\n            <div class=\"row no-padding-medium\">\n                <div class=\"columns small-12 no-padding-medium\">\n\n                    <!--<div class=\"over\">-->\n                        <div class=\"ct-swiper__company\">\n                            <!-- Swiper -->\n                            <div class=\"swiper-container swiper__company\">\n\n                                <div class=\"swiper-wrapper\">\n                                                                                <div class=\"swiper-slide\">\n                                                <img decoding=\"async\" src=\"https:\/\/www.pandenus.it\/wp-content\/uploads\/2021\/06\/2021-06-06-Pandenus-Website-Images-09-1.jpg\" alt=\"2021-06-06 Pandenus Website Images-09\" \/>\n                                                <div class=\"ct-text\">\n                                                    <span class=\"name\">1 \/ La materia prima<\/span>\n                                                    <p>La qualit\u00e0 per noi \u00e8 un must. Ogni ingrediente viene scelto e selezionato soltanto da fornitori certificati presenti sul territorio locale.<\/p>\n                                                <\/div>\n                                            <\/div>\n                                                                                        <div class=\"swiper-slide\">\n                                                <img decoding=\"async\" src=\"https:\/\/www.pandenus.it\/wp-content\/uploads\/2021\/07\/punto-2-preparazione-scaled.jpeg\" alt=\"punto-2-preparazione\" \/>\n                                                <div class=\"ct-text\">\n                                                    <span class=\"name\">2 \/ La preparazione<\/span>\n                                                    <p>Abbiamo riadattato i nostri spazi e dedicato un\u2019intera cucina pensata per la preparazione dei prodotti in distribuzione.<\/p>\n                                                <\/div>\n                                            <\/div>\n                                                                                        <div class=\"swiper-slide\">\n                                                <img decoding=\"async\" src=\"https:\/\/www.pandenus.it\/wp-content\/uploads\/2021\/06\/2021-06-06-Pandenus-Website-Images-138.jpg\" alt=\"2021-06-06 Pandenus Website Images-138\" \/>\n                                                <div class=\"ct-text\">\n                                                    <span class=\"name\">3 \/ La sanificazione<\/span>\n                                                    <p>L\u2019ambiente di preparazione \u00e8 sottoposto ad un costante processo di sanificazione certificato e monitorato dagli enti competenti.<\/p>\n                                                <\/div>\n                                            <\/div>\n                                                                                        <div class=\"swiper-slide\">\n                                                <img decoding=\"async\" src=\"https:\/\/www.pandenus.it\/wp-content\/uploads\/2021\/06\/2021-06-06-Pandenus-Website-Images-139-scaled.jpg\" alt=\"2021-06-06 Pandenus Website Images-139\" \/>\n                                                <div class=\"ct-text\">\n                                                    <span class=\"name\">4 \/ La distribuzione<\/span>\n                                                    <p>I prodotti vengono distribuiti mediante l\u2019utilizzo di mezzi dedicati e personale specializzato costantemente in contatto con il nostro quartier generale.<\/p>\n                                                <\/div>\n                                            <\/div>\n                                                                                        <div class=\"swiper-slide\">\n                                                <img decoding=\"async\" src=\"https:\/\/www.pandenus.it\/wp-content\/uploads\/2021\/06\/2021-06-06-Pandenus-Website-Images-140.jpg\" alt=\"2021-06-06 Pandenus Website Images-140\" \/>\n                                                <div class=\"ct-text\">\n                                                    <span class=\"name\">5 \/ Il mantenimento<\/span>\n                                                    <p>Grazie alla tecnologia del sistema refrigerante, il mantenimento del prodotto viene costantemente monitorato attraverso il controllo delle temperature.<\/p>\n                                                <\/div>\n                                            <\/div>\n                                                                                        <div class=\"swiper-slide\">\n                                                <img decoding=\"async\" src=\"https:\/\/www.pandenus.it\/wp-content\/uploads\/2021\/06\/2021-06-06-Pandenus-Website-Images-141.jpg\" alt=\"2021-06-06 Pandenus Website Images-141\" \/>\n                                                <div class=\"ct-text\">\n                                                    <span class=\"name\">6 \/ Il rifornimento<\/span>\n                                                    <p>Siamo in grado di rifornire ciclicamente i nostri prodotti grazie ad una rete di distribuzione rapida ed efficiente.<\/p>\n                                                <\/div>\n                                            <\/div>\n                                                                                        <div class=\"swiper-slide\">\n                                                <img decoding=\"async\" src=\"https:\/\/www.pandenus.it\/wp-content\/uploads\/2021\/06\/2021-06-06-Pandenus-Website-Images-146.jpg\" alt=\"Print\" \/>\n                                                <div class=\"ct-text\">\n                                                    <span class=\"name\">7 \/ L\u2019accessibilit\u00e0<\/span>\n                                                    <p>Ogni singolo prodotto sar\u00e0 facilmente accessibile al consumatore grazie ad un sistema semplice e intuitivo.<\/p>\n                                                <\/div>\n                                            <\/div>\n                                                                                        <div class=\"swiper-slide\">\n                                                <img decoding=\"async\" src=\"https:\/\/www.pandenus.it\/wp-content\/uploads\/2021\/06\/2021-06-06-Pandenus-Website-Images-144.jpg\" alt=\"Print\" \/>\n                                                <div class=\"ct-text\">\n                                                    <span class=\"name\">8 \/ Il riciclo<\/span>\n                                                    <p>Tutti i materiali presenti all\u2019interno delle food station sono stati studiati per consentire uno smaltimento totalmente compatibile con l\u2019ambiente che ci circonda.<\/p>\n                                                <\/div>\n                                            <\/div>\n                                                                            <\/div>\n                            <\/div>\n                            <!-- Add Arrows -->\n                            <div class=\"swiper-button-next\"><\/div>\n                            <div class=\"swiper-button-prev\"><\/div>\n                        <\/div>\n                    <!--<\/div>-->\n\n                <\/div>\n            <\/div>\n\n        <\/section><section class=\"company__business \">\n\n            <div class=\"row no-padding-medium\">\n\n                <div class=\"columns small-12 medium-6 col-1 no-padding-right no-padding-medium\">\n                    <div class=\"ct-image\" style=\"background-image: url(https:\/\/www.pandenus.it\/wp-content\/uploads\/2021\/06\/2021-06-06-Pandenus-Website-Images-142.jpg)\">\n                        <h3 class=\"title-image\"><\/h3>\n                        <div class=\"text-image\"><\/div>\n                    <\/div>\n                <\/div>\n\n                <div class=\"columns small-12 medium-6 col-2 no-padding-left no-padding-medium\">\n                    <div class=\"ct-text\">\n                        <span class=\"subtitle\"> MOLTO DI PI\u00d9 DI UN DISTRIBUTORE AUTOMATICO<\/span>\n                        <h2 class=\"title\">Quali sono i vantaggi?<\/h2>\n                        <div class=\"text-big\"><p>1. L\u2019abbattimento dei costi<br \/>\n2. L\u2019autonomia nella gestione del prodotto<br \/>\n3. Il controllo del processo<\/p>\n<\/div>\n                    <\/div>\n                <\/div>\n\n            <\/div>\n\n        <\/section><section class=\"company__story \">\n\n            <div class=\"row expanded\">\n\n                <div class=\"columns small-12 medium-12 large-5 no-padding\">\n                    <img decoding=\"async\" src=\"https:\/\/www.pandenus.it\/wp-content\/uploads\/2021\/06\/2021-06-06-Pandenus-Website-Images-145.jpg\" alt=\"Print\" \/>\n                <\/div>\n\n                <div class=\"columns small-12 medium-12 large-5 large-offset-1 no-padding-left\">\n                    <div class=\"ct-text\">\n                        <h2 class=\"title\">Safe customer experience<\/h2>\n                        <div class=\"text-big\"><p>Oggi nessun azienda pu\u00f2 prescindere dalla \u201cSafe Customer Experience\u201d: una strategia di tutela della salute per coloro che quotidianamente frequentano sedi e uffici.<br \/>\nL\u2019obiettivo \u00e8 tutelare i propri dipendenti, clienti e personale, garantendo un servizio sicuro, sano, semplice e sostenibile&#8230; a rischio zero!<\/p>\n<\/div>\n                    <\/div>\n                <\/div>\n\n            <\/div>\n\n        <\/section><section class=\"company__economy \">\n\n            <div class=\"row\">\n\n                <div class=\"columns small-12 medium-12 large-6\">\n                    <div class=\"ct-text\">\n                        <h2 class=\"title\">Perch\u00e8 noi?<\/h2>\n                        <div class=\"text-big\"><p>Perch\u00e9 aiutiamo la comunit\u00e0 dentro cui siamo nati.<br \/>\nPerch\u00e9 supportiamo la nostra citt\u00e0 e le aziende che hanno creduto in noi. Lo facciamo perch\u00e9 non proponiamo \u201csolo\u201d un prodotto o un servizio, ma la gestione di un processo di cui ci facciamo totalmente garanti, forti della nostra competenza e della nostra credibilit\u00e0.<\/p>\n<\/div>\n                    <\/div>\n                <\/div>\n\n                <div class=\"columns small-12 medium-12 large-6\">\n                    <div class=\"ct-image\">\n                        <img decoding=\"async\" src=\"https:\/\/www.pandenus.it\/wp-content\/uploads\/2021\/06\/2021-06-06-Pandenus-Website-Images-147.jpg\" alt=\"2021-06-06 Pandenus Website Images-147\" \/>\n                    <\/div>\n                <\/div>\n\n            <\/div>\n\n        <\/section><section class=\"company__story \">\n\n            <div class=\"row expanded\">\n\n                <div class=\"columns small-12 medium-12 large-5 no-padding\">\n                    <img decoding=\"async\" src=\"https:\/\/www.pandenus.it\/wp-content\/uploads\/2021\/06\/2021-06-06-Pandenus-Website-Images-143.jpg\" alt=\"Print\" \/>\n                <\/div>\n\n                <div class=\"columns small-12 medium-12 large-5 large-offset-1 no-padding-left\">\n                    <div class=\"ct-text\">\n                        <h2 class=\"title\">Richiedi una smart vending<\/h2>\n                        <div class=\"text-big\"><p>Raccontaci qualcosa di piu\u0300 sulla tua attivita\u0300.<\/p>\n<p><a href=\"mailto:mail@pandenus.it\">mail@pandenus.it<\/a><\/p>\n<\/div>\n                    <\/div>\n                <\/div>\n\n            <\/div>\n\n        <\/section>","protected":false},"excerpt":{"rendered":"","protected":false},"author":2,"featured_media":779,"parent":0,"menu_order":0,"comment_status":"closed","ping_status":"closed","template":"","meta":{"_acf_changed":false,"footnotes":""},"class_list":["post-502","page","type-page","status-publish","has-post-thumbnail","hentry"],"acf":[],"yoast_head":"<!-- This site is optimized with the Yoast SEO plugin v25.1 - https:\/\/yoast.com\/wordpress\/plugins\/seo\/ -->\n<title>Smart Vending - Pandenus<\/title>\n<meta name=\"robots\" content=\"index, follow, max-snippet:-1, max-image-preview:large, max-video-preview:-1\" \/>\n<link rel=\"canonical\" href=\"https:\/\/www.pandenus.it\/it\/smart-vending\/\" \/>\n<meta property=\"og:locale\" content=\"it_IT\" \/>\n<meta property=\"og:type\" content=\"article\" \/>\n<meta property=\"og:title\" content=\"Smart Vending - Pandenus\" \/>\n<meta property=\"og:url\" content=\"https:\/\/www.pandenus.it\/it\/smart-vending\/\" \/>\n<meta property=\"og:site_name\" content=\"Pandenus\" \/>\n<meta property=\"article:modified_time\" content=\"2022-01-20T11:43:08+00:00\" \/>\n<meta property=\"og:image\" content=\"https:\/\/www.pandenus.it\/wp-content\/uploads\/2021\/06\/2021-06-06-Pandenus-Website-Images-09.jpg\" \/>\n\t<meta property=\"og:image:width\" content=\"1230\" \/>\n\t<meta property=\"og:image:height\" content=\"1080\" \/>\n\t<meta property=\"og:image:type\" content=\"image\/jpeg\" \/>\n<meta name=\"twitter:card\" content=\"summary_large_image\" \/>\n<script type=\"application\/ld+json\" class=\"yoast-schema-graph\">{\"@context\":\"https:\/\/schema.org\",\"@graph\":[{\"@type\":\"WebPage\",\"@id\":\"https:\/\/www.pandenus.it\/it\/smart-vending\/\",\"url\":\"https:\/\/www.pandenus.it\/it\/smart-vending\/\",\"name\":\"Smart Vending - Pandenus\",\"isPartOf\":{\"@id\":\"https:\/\/www.pandenus.it\/it\/#website\"},\"primaryImageOfPage\":{\"@id\":\"https:\/\/www.pandenus.it\/it\/smart-vending\/#primaryimage\"},\"image\":{\"@id\":\"https:\/\/www.pandenus.it\/it\/smart-vending\/#primaryimage\"},\"thumbnailUrl\":\"https:\/\/www.pandenus.it\/wp-content\/uploads\/2021\/06\/2021-06-06-Pandenus-Website-Images-09.jpg\",\"datePublished\":\"2021-03-17T18:18:18+00:00\",\"dateModified\":\"2022-01-20T11:43:08+00:00\",\"breadcrumb\":{\"@id\":\"https:\/\/www.pandenus.it\/it\/smart-vending\/#breadcrumb\"},\"inLanguage\":\"it-IT\",\"potentialAction\":[{\"@type\":\"ReadAction\",\"target\":[\"https:\/\/www.pandenus.it\/it\/smart-vending\/\"]}]},{\"@type\":\"ImageObject\",\"inLanguage\":\"it-IT\",\"@id\":\"https:\/\/www.pandenus.it\/it\/smart-vending\/#primaryimage\",\"url\":\"https:\/\/www.pandenus.it\/wp-content\/uploads\/2021\/06\/2021-06-06-Pandenus-Website-Images-09.jpg\",\"contentUrl\":\"https:\/\/www.pandenus.it\/wp-content\/uploads\/2021\/06\/2021-06-06-Pandenus-Website-Images-09.jpg\",\"width\":1230,\"height\":1080},{\"@type\":\"BreadcrumbList\",\"@id\":\"https:\/\/www.pandenus.it\/it\/smart-vending\/#breadcrumb\",\"itemListElement\":[{\"@type\":\"ListItem\",\"position\":1,\"name\":\"Home\",\"item\":\"https:\/\/www.pandenus.it\/it\/\"},{\"@type\":\"ListItem\",\"position\":2,\"name\":\"Smart Vending\"}]},{\"@type\":\"WebSite\",\"@id\":\"https:\/\/www.pandenus.it\/it\/#website\",\"url\":\"https:\/\/www.pandenus.it\/it\/\",\"name\":\"Pandenus\",\"description\":\"\",\"potentialAction\":[{\"@type\":\"SearchAction\",\"target\":{\"@type\":\"EntryPoint\",\"urlTemplate\":\"https:\/\/www.pandenus.it\/it\/?s={search_term_string}\"},\"query-input\":{\"@type\":\"PropertyValueSpecification\",\"valueRequired\":true,\"valueName\":\"search_term_string\"}}],\"inLanguage\":\"it-IT\"}]}<\/script>\n<!-- \/ Yoast SEO plugin. -->","yoast_head_json":{"title":"Smart Vending - Pandenus","robots":{"index":"index","follow":"follow","max-snippet":"max-snippet:-1","max-image-preview":"max-image-preview:large","max-video-preview":"max-video-preview:-1"},"canonical":"https:\/\/www.pandenus.it\/it\/smart-vending\/","og_locale":"it_IT","og_type":"article","og_title":"Smart Vending - Pandenus","og_url":"https:\/\/www.pandenus.it\/it\/smart-vending\/","og_site_name":"Pandenus","article_modified_time":"2022-01-20T11:43:08+00:00","og_image":[{"width":1230,"height":1080,"url":"https:\/\/www.pandenus.it\/wp-content\/uploads\/2021\/06\/2021-06-06-Pandenus-Website-Images-09.jpg","type":"image\/jpeg"}],"twitter_card":"summary_large_image","schema":{"@context":"https:\/\/schema.org","@graph":[{"@type":"WebPage","@id":"https:\/\/www.pandenus.it\/it\/smart-vending\/","url":"https:\/\/www.pandenus.it\/it\/smart-vending\/","name":"Smart Vending - Pandenus","isPartOf":{"@id":"https:\/\/www.pandenus.it\/it\/#website"},"primaryImageOfPage":{"@id":"https:\/\/www.pandenus.it\/it\/smart-vending\/#primaryimage"},"image":{"@id":"https:\/\/www.pandenus.it\/it\/smart-vending\/#primaryimage"},"thumbnailUrl":"https:\/\/www.pandenus.it\/wp-content\/uploads\/2021\/06\/2021-06-06-Pandenus-Website-Images-09.jpg","datePublished":"2021-03-17T18:18:18+00:00","dateModified":"2022-01-20T11:43:08+00:00","breadcrumb":{"@id":"https:\/\/www.pandenus.it\/it\/smart-vending\/#breadcrumb"},"inLanguage":"it-IT","potentialAction":[{"@type":"ReadAction","target":["https:\/\/www.pandenus.it\/it\/smart-vending\/"]}]},{"@type":"ImageObject","inLanguage":"it-IT","@id":"https:\/\/www.pandenus.it\/it\/smart-vending\/#primaryimage","url":"https:\/\/www.pandenus.it\/wp-content\/uploads\/2021\/06\/2021-06-06-Pandenus-Website-Images-09.jpg","contentUrl":"https:\/\/www.pandenus.it\/wp-content\/uploads\/2021\/06\/2021-06-06-Pandenus-Website-Images-09.jpg","width":1230,"height":1080},{"@type":"BreadcrumbList","@id":"https:\/\/www.pandenus.it\/it\/smart-vending\/#breadcrumb","itemListElement":[{"@type":"ListItem","position":1,"name":"Home","item":"https:\/\/www.pandenus.it\/it\/"},{"@type":"ListItem","position":2,"name":"Smart Vending"}]},{"@type":"WebSite","@id":"https:\/\/www.pandenus.it\/it\/#website","url":"https:\/\/www.pandenus.it\/it\/","name":"Pandenus","description":"","potentialAction":[{"@type":"SearchAction","target":{"@type":"EntryPoint","urlTemplate":"https:\/\/www.pandenus.it\/it\/?s={search_term_string}"},"query-input":{"@type":"PropertyValueSpecification","valueRequired":true,"valueName":"search_term_string"}}],"inLanguage":"it-IT"}]}},"_links":{"self":[{"href":"https:\/\/www.pandenus.it\/it\/wp-json\/wp\/v2\/pages\/502","targetHints":{"allow":["GET"]}}],"collection":[{"href":"https:\/\/www.pandenus.it\/it\/wp-json\/wp\/v2\/pages"}],"about":[{"href":"https:\/\/www.pandenus.it\/it\/wp-json\/wp\/v2\/types\/page"}],"author":[{"embeddable":true,"href":"https:\/\/www.pandenus.it\/it\/wp-json\/wp\/v2\/users\/2"}],"replies":[{"embeddable":true,"href":"https:\/\/www.pandenus.it\/it\/wp-json\/wp\/v2\/comments?post=502"}],"version-history":[{"count":20,"href":"https:\/\/www.pandenus.it\/it\/wp-json\/wp\/v2\/pages\/502\/revisions"}],"predecessor-version":[{"id":1297,"href":"https:\/\/www.pandenus.it\/it\/wp-json\/wp\/v2\/pages\/502\/revisions\/1297"}],"wp:featuredmedia":[{"embeddable":true,"href":"https:\/\/www.pandenus.it\/it\/wp-json\/wp\/v2\/media\/779"}],"wp:attachment":[{"href":"https:\/\/www.pandenus.it\/it\/wp-json\/wp\/v2\/media?parent=502"}],"curies":[{"name":"wp","href":"https:\/\/api.w.org\/{rel}","templated":true}]}}